{"id":163,"date":"2024-09-18T09:22:38","date_gmt":"2024-09-18T06:22:38","guid":{"rendered":"https:\/\/annaoleks.wordpress.com\/?page_id=163"},"modified":"2025-03-14T16:50:34","modified_gmt":"2025-03-14T16:50:34","slug":"avalduse-kirjutamine","status":"publish","type":"page","link":"https:\/\/annaoleks24.thkit.ee\/wp\/avalduse-kirjutamine\/","title":{"rendered":"Avalduse kirjutamine"},"content":{"rendered":"\n<div style=\"height:50px\" aria-hidden=\"true\" class=\"wp-block-spacer\"><\/div>\n\n\n\n<p>Avalduse kirjutamine on ametlik dokument, mille kaudu esitatakse taotlus, avaldus v\u00f5i p\u00f6\u00f6rdumine m\u00f5ne organisatsiooni, asutuse v\u00f5i t\u00f6\u00f6andja poole. Seda kasutatakse mitmesugustes olukordades, n\u00e4iteks t\u00f6\u00f6le kandideerimisel, \u00f5ppeasutusse sisseastumisel, toetuse taotlemisel, puhkuse v\u00f5i t\u00f6\u00f6lt vabastuse palumisel ning muudes ametlikes p\u00f6\u00f6rdumistes. Lisaks v\u00f5ib avaldust vaja minna ka elukoha vahetuse registreerimisel, ametlikuks selgitustaotluseks v\u00f5i isegi teatud teenuste kasutamiseks loa saamiseks.<\/p>\n\n\n\n<p>H\u00e4sti koostatud avaldus aitab tagada, et teie taotlus v\u00f5i palve v\u00f5etakse t\u00f5siselt ja menetletakse kiiremini. Kui avaldus on selgelt s\u00f5nastatud, konkreetne ja sisaldab k\u00f5iki vajalikke andmeid, v\u00e4hendab see v\u00f5imalikke viivitusi ning suurendab v\u00f5imalust saada positiivne vastus. Tihti kehtivad avaldusele kindlad formaadin\u00f5uded, mist\u00f5ttu tasub enne selle esitamist kontrollida, kas asutusel, kuhu dokument saadetakse, on eraldi juhised v\u00f5i n\u00e4idised.<\/p>\n\n\n\n<div style=\"height:50px\" aria-hidden=\"true\" class=\"wp-block-spacer\"><\/div>\n\n\n\n<h3 class=\"wp-block-heading\"><strong>Avalduse kirjutamine: p\u00f5histruktuur<\/strong><\/h3>\n\n\n\n<p>Tavaliselt koosneb avaldus j\u00e4rgmistest osadest:<\/p>\n\n\n\n<ol class=\"wp-block-list\">\n<li><strong>Pealkiri<\/strong> \u2013 \u201eAvaldus\u201c kirjutatakse dokumendi alguses, tavaliselt keskele ja suure algust\u00e4hega.<\/li>\n\n\n\n<li><strong>Adressaat<\/strong> \u2013 m\u00e4rgitakse asutus v\u00f5i konkreetne isik, kellele avaldus on suunatud. Kui adressaat on teada, on soovitatav m\u00e4rkida tema nimi ja ametikoht.<\/li>\n\n\n\n<li><strong>Taotleja andmed<\/strong> \u2013 avalduse esitaja nimi, kontaktandmed, vajadusel isikukood v\u00f5i ettev\u00f5tte puhul registrikood.<\/li>\n\n\n\n<li><strong>Sissejuhatus<\/strong> \u2013 l\u00fchike ja selge selgitus avalduse eesm\u00e4rgist. Tuleks v\u00e4lja tuua, miks dokument esitatakse.<\/li>\n\n\n\n<li><strong>P\u00f5hiosa<\/strong> \u2013 detailne selgitus, miks avaldus esitatakse ja mida t\u00e4psemalt soovitakse. Siin on oluline argumenteeritus ja selgus. Vajadusel v\u00f5ib lisada viiteid seadustele v\u00f5i m\u00e4\u00e4rustele.<\/li>\n\n\n\n<li><strong>L\u00f5pps\u00f5na ja kuup\u00e4ev<\/strong> \u2013 viisakas l\u00f5petus, n\u00e4iteks \u201eLugupidamisega\u201c, sellele j\u00e4rgnev kuup\u00e4ev ning allkiri. Kui avaldus esitatakse digitaalselt, v\u00f5ib lisada digiallkirja.<\/li>\n<\/ol>\n\n\n\n<div style=\"height:30px\" aria-hidden=\"true\" class=\"wp-block-spacer\"><\/div>\n\n\n\n<h3 class=\"wp-block-heading\"><strong>Hea avalduse p\u00f5him\u00f5tted<\/strong><\/h3>\n\n\n\n<ol class=\"wp-block-list\">\n<li><strong>Ole konkreetne ja selge<\/strong> \u2013 v\u00e4ldi liigset s\u00f5navahtu ning esita vajalik info v\u00f5imalikult arusaadavalt. Liigne detailsus v\u00f5ib teha teksti loetamatuks, kuid liiga \u00fcldine avaldus ei pruugi anda vajalikku selgust.<\/li>\n\n\n\n<li><strong>Kasuta ametlikku keelt ja viisakat tooni<\/strong> \u2013 avaldused on formaalsed dokumendid, mist\u00f5ttu tuleks v\u00e4ltida k\u00f5nekeelseid v\u00e4ljendeid ja emotsionaalseid hinnanguid.<\/li>\n\n\n\n<li><strong>Kontrolli \u00f5igekirja ja grammatikat<\/strong> \u2013 vead v\u00f5ivad j\u00e4tta halva mulje ning v\u00e4hendada avalduse usaldusv\u00e4\u00e4rsust. Vajadusel lase tekst \u00fcle vaadata.<\/li>\n\n\n\n<li><strong>Lisa k\u00f5ik vajalikud dokumendid<\/strong> \u2013 kui taotluse menetlemiseks on vaja lisamaterjale, n\u00e4iteks isikut t\u00f5endavat dokumenti, arstit\u00f5endit v\u00f5i soovituskirja, tuleks need avaldusele lisada.<\/li>\n<\/ol>\n\n\n\n<div style=\"height:50px\" aria-hidden=\"true\" class=\"wp-block-spacer\"><\/div>\n\n\n\n<p>Avalduse kirjutamine ei ole keeruline, kui j\u00e4rgida \u00f5iget struktuuri ja hoida tekst korrektne ning asjakohane. J\u00e4rgides neid p\u00f5him\u00f5tteid, suureneb t\u00f5en\u00e4osus, et teie taotlus saab positiivse vastuse. ja hoida tekst korrektne ning asjakohane. Hea avaldus suurendab teie v\u00f5imalusi saada positiivne vastus.<\/p>\n\n\n\n<div style=\"height:50px\" aria-hidden=\"true\" class=\"wp-block-spacer\"><\/div>\n\n\n\n<div data-wp-interactive=\"core\/file\" class=\"wp-block-file\"><object data-wp-bind--hidden=\"!state.hasPdfPreview\" hidden class=\"wp-block-file__embed\" data=\"https:\/\/annaoleks.wordpress.com\/wp-content\/uploads\/2024\/09\/avaldus-anna-oleks.pdf\" type=\"application\/pdf\" style=\"width:100%;height:600px\" aria-label=\"Lisa Avaldus - Anna Oleks.\"><\/object><a id=\"wp-block-file--media-a282412d-5341-4462-b21a-8415a8f08089\" href=\"https:\/\/annaoleks.wordpress.com\/wp-content\/uploads\/2024\/09\/avaldus-anna-oleks.pdf\">Avaldus &#8211; Anna Oleks<\/a><a href=\"https:\/\/annaoleks.wordpress.com\/wp-content\/uploads\/2024\/09\/avaldus-anna-oleks.pdf\" class=\"wp-block-file__button wp-element-button\" download aria-describedby=\"wp-block-file--media-a282412d-5341-4462-b21a-8415a8f08089\">\u0421\u043a\u0430\u0447\u0430\u0442\u044c<\/a><\/div>\n\n\n\n<div data-wp-interactive=\"core\/file\" class=\"wp-block-file\"><object data-wp-bind--hidden=\"!state.hasPdfPreview\" hidden class=\"wp-block-file__embed\" data=\"https:\/\/annaoleks.wordpress.com\/wp-content\/uploads\/2024\/09\/lisa1-cv-anna-oleks.pdf\" type=\"application\/pdf\" style=\"width:100%;height:600px\" aria-label=\"Lisa Lisa1 - CV - Anna Oleks.\"><\/object><a id=\"wp-block-file--media-dcde7f98-5de3-40c0-83ac-054d0daf7f0f\" href=\"https:\/\/annaoleks.wordpress.com\/wp-content\/uploads\/2024\/09\/lisa1-cv-anna-oleks.pdf\">Lisa1 &#8211; CV &#8211; Anna Oleks<\/a><a href=\"https:\/\/annaoleks.wordpress.com\/wp-content\/uploads\/2024\/09\/lisa1-cv-anna-oleks.pdf\" class=\"wp-block-file__button wp-element-button\" download aria-describedby=\"wp-block-file--media-dcde7f98-5de3-40c0-83ac-054d0daf7f0f\">\u0421\u043a\u0430\u0447\u0430\u0442\u044c<\/a><\/div>\n\n\n\n<div data-wp-interactive=\"core\/file\" class=\"wp-block-file\"><object data-wp-bind--hidden=\"!state.hasPdfPreview\" hidden class=\"wp-block-file__embed\" data=\"https:\/\/annaoleks.wordpress.com\/wp-content\/uploads\/2024\/09\/lisa-2-motivatsioonikiri-anna-oleks.pdf\" type=\"application\/pdf\" style=\"width:100%;height:600px\" aria-label=\"Lisa Lisa 2 - Motivatsioonikiri - Anna Oleks.\"><\/object><a id=\"wp-block-file--media-2ec40202-942e-4575-9c8d-b10ff863e863\" href=\"https:\/\/annaoleks.wordpress.com\/wp-content\/uploads\/2024\/09\/lisa-2-motivatsioonikiri-anna-oleks.pdf\">Lisa 2 &#8211; Motivatsioonikiri &#8211; Anna Oleks<\/a><a href=\"https:\/\/annaoleks.wordpress.com\/wp-content\/uploads\/2024\/09\/lisa-2-motivatsioonikiri-anna-oleks.pdf\" class=\"wp-block-file__button wp-element-button\" download aria-describedby=\"wp-block-file--media-2ec40202-942e-4575-9c8d-b10ff863e863\">\u0421\u043a\u0430\u0447\u0430\u0442\u044c<\/a><\/div>\n\n\n\n<p><\/p>\n","protected":false},"excerpt":{"rendered":"<p>Avalduse kirjutamine on ametlik dokument, mille kaudu esitatakse taotlus, avaldus v\u00f5i p\u00f6\u00f6rdumine m\u00f5ne organisatsiooni, asutuse v\u00f5i t\u00f6\u00f6andja poole. Seda kasutatakse mitmesugustes olukordades, n\u00e4iteks t\u00f6\u00f6le kandideerimisel, \u00f5ppeasutusse sisseastumisel, toetuse taotlemisel, puhkuse v\u00f5i t\u00f6\u00f6lt vabastuse palumisel ning muudes ametlikes p\u00f6\u00f6rdumistes. Lisaks v\u00f5ib avaldust vaja minna ka elukoha vahetuse registreerimisel, ametlikuks selgitustaotluseks v\u00f5i isegi teatud teenuste kasutamiseks loa [&hellip;]<\/p>\n","protected":false},"author":1,"featured_media":0,"parent":0,"menu_order":0,"comment_status":"closed","ping_status":"closed","template":"","meta":{"footnotes":""},"class_list":["post-163","page","type-page","status-publish","hentry"],"yoast_head":"<!-- This site is optimized with the Yoast SEO plugin v26.4 - https:\/\/yoast.com\/wordpress\/plugins\/seo\/ -->\n<title>Avalduse kirjutamine - Anna Oleks &Otilde;PIMAPP<\/title>\n<meta name=\"description\" content=\"Avalduse kirjutamine \u2013 juhend ametliku avalduse koostamiseks. Kuidas kirjutada selge ja korrektne avaldus.\" \/>\n<meta name=\"robots\" content=\"index, follow, max-snippet:-1, max-image-preview:large, max-video-preview:-1\" \/>\n<link rel=\"canonical\" href=\"https:\/\/annaoleks24.thkit.ee\/wp\/avalduse-kirjutamine\/\" \/>\n<meta property=\"og:locale\" content=\"et_EE\" \/>\n<meta property=\"og:type\" content=\"article\" \/>\n<meta property=\"og:title\" content=\"Avalduse kirjutamine - Anna Oleks &Otilde;PIMAPP\" \/>\n<meta property=\"og:description\" content=\"Avalduse kirjutamine \u2013 juhend ametliku avalduse koostamiseks. Kuidas kirjutada selge ja korrektne avaldus.\" \/>\n<meta property=\"og:url\" content=\"https:\/\/annaoleks24.thkit.ee\/wp\/avalduse-kirjutamine\/\" \/>\n<meta property=\"og:site_name\" content=\"Anna Oleks &Otilde;PIMAPP\" \/>\n<meta property=\"article:modified_time\" content=\"2025-03-14T16:50:34+00:00\" \/>\n<meta name=\"twitter:card\" content=\"summary_large_image\" \/>\n<meta name=\"twitter:label1\" content=\"Est. reading time\" \/>\n\t<meta name=\"twitter:data1\" content=\"2 minutit\" \/>\n<script type=\"application\/ld+json\" class=\"yoast-schema-graph\">{\"@context\":\"https:\/\/schema.org\",\"@graph\":[{\"@type\":\"WebPage\",\"@id\":\"https:\/\/annaoleks24.thkit.ee\/wp\/avalduse-kirjutamine\/\",\"url\":\"https:\/\/annaoleks24.thkit.ee\/wp\/avalduse-kirjutamine\/\",\"name\":\"Avalduse kirjutamine - Anna Oleks &Otilde;PIMAPP\",\"isPartOf\":{\"@id\":\"https:\/\/annaoleks24.thkit.ee\/wp\/#website\"},\"datePublished\":\"2024-09-18T06:22:38+00:00\",\"dateModified\":\"2025-03-14T16:50:34+00:00\",\"description\":\"Avalduse kirjutamine \u2013 juhend ametliku avalduse koostamiseks. Kuidas kirjutada selge ja korrektne avaldus.\",\"breadcrumb\":{\"@id\":\"https:\/\/annaoleks24.thkit.ee\/wp\/avalduse-kirjutamine\/#breadcrumb\"},\"inLanguage\":\"et\",\"potentialAction\":[{\"@type\":\"ReadAction\",\"target\":[\"https:\/\/annaoleks24.thkit.ee\/wp\/avalduse-kirjutamine\/\"]}]},{\"@type\":\"BreadcrumbList\",\"@id\":\"https:\/\/annaoleks24.thkit.ee\/wp\/avalduse-kirjutamine\/#breadcrumb\",\"itemListElement\":[{\"@type\":\"ListItem\",\"position\":1,\"name\":\"\u0413\u043b\u0430\u0432\u043d\u0430\u044f \u0441\u0442\u0440\u0430\u043d\u0438\u0446\u0430\",\"item\":\"https:\/\/annaoleks24.thkit.ee\/wp\/\"},{\"@type\":\"ListItem\",\"position\":2,\"name\":\"Avalduse kirjutamine\"}]},{\"@type\":\"WebSite\",\"@id\":\"https:\/\/annaoleks24.thkit.ee\/wp\/#website\",\"url\":\"https:\/\/annaoleks24.thkit.ee\/wp\/\",\"name\":\"Anna Oleks &Otilde;PIMAPP\",\"description\":\"Portfolio\",\"potentialAction\":[{\"@type\":\"SearchAction\",\"target\":{\"@type\":\"EntryPoint\",\"urlTemplate\":\"https:\/\/annaoleks24.thkit.ee\/wp\/?s={search_term_string}\"},\"query-input\":{\"@type\":\"PropertyValueSpecification\",\"valueRequired\":true,\"valueName\":\"search_term_string\"}}],\"inLanguage\":\"et\"}]}<\/script>\n<!-- \/ Yoast SEO plugin. -->","yoast_head_json":{"title":"Avalduse kirjutamine - Anna Oleks &Otilde;PIMAPP","description":"Avalduse kirjutamine \u2013 juhend ametliku avalduse koostamiseks. Kuidas kirjutada selge ja korrektne avaldus.","robots":{"index":"index","follow":"follow","max-snippet":"max-snippet:-1","max-image-preview":"max-image-preview:large","max-video-preview":"max-video-preview:-1"},"canonical":"https:\/\/annaoleks24.thkit.ee\/wp\/avalduse-kirjutamine\/","og_locale":"et_EE","og_type":"article","og_title":"Avalduse kirjutamine - Anna Oleks &Otilde;PIMAPP","og_description":"Avalduse kirjutamine \u2013 juhend ametliku avalduse koostamiseks. Kuidas kirjutada selge ja korrektne avaldus.","og_url":"https:\/\/annaoleks24.thkit.ee\/wp\/avalduse-kirjutamine\/","og_site_name":"Anna Oleks &Otilde;PIMAPP","article_modified_time":"2025-03-14T16:50:34+00:00","twitter_card":"summary_large_image","twitter_misc":{"Est. reading time":"2 minutit"},"schema":{"@context":"https:\/\/schema.org","@graph":[{"@type":"WebPage","@id":"https:\/\/annaoleks24.thkit.ee\/wp\/avalduse-kirjutamine\/","url":"https:\/\/annaoleks24.thkit.ee\/wp\/avalduse-kirjutamine\/","name":"Avalduse kirjutamine - Anna Oleks &Otilde;PIMAPP","isPartOf":{"@id":"https:\/\/annaoleks24.thkit.ee\/wp\/#website"},"datePublished":"2024-09-18T06:22:38+00:00","dateModified":"2025-03-14T16:50:34+00:00","description":"Avalduse kirjutamine \u2013 juhend ametliku avalduse koostamiseks. Kuidas kirjutada selge ja korrektne avaldus.","breadcrumb":{"@id":"https:\/\/annaoleks24.thkit.ee\/wp\/avalduse-kirjutamine\/#breadcrumb"},"inLanguage":"et","potentialAction":[{"@type":"ReadAction","target":["https:\/\/annaoleks24.thkit.ee\/wp\/avalduse-kirjutamine\/"]}]},{"@type":"BreadcrumbList","@id":"https:\/\/annaoleks24.thkit.ee\/wp\/avalduse-kirjutamine\/#breadcrumb","itemListElement":[{"@type":"ListItem","position":1,"name":"\u0413\u043b\u0430\u0432\u043d\u0430\u044f \u0441\u0442\u0440\u0430\u043d\u0438\u0446\u0430","item":"https:\/\/annaoleks24.thkit.ee\/wp\/"},{"@type":"ListItem","position":2,"name":"Avalduse kirjutamine"}]},{"@type":"WebSite","@id":"https:\/\/annaoleks24.thkit.ee\/wp\/#website","url":"https:\/\/annaoleks24.thkit.ee\/wp\/","name":"Anna Oleks &Otilde;PIMAPP","description":"Portfolio","potentialAction":[{"@type":"SearchAction","target":{"@type":"EntryPoint","urlTemplate":"https:\/\/annaoleks24.thkit.ee\/wp\/?s={search_term_string}"},"query-input":{"@type":"PropertyValueSpecification","valueRequired":true,"valueName":"search_term_string"}}],"inLanguage":"et"}]}},"_links":{"self":[{"href":"https:\/\/annaoleks24.thkit.ee\/wp\/wp-json\/wp\/v2\/pages\/163","targetHints":{"allow":["GET"]}}],"collection":[{"href":"https:\/\/annaoleks24.thkit.ee\/wp\/wp-json\/wp\/v2\/pages"}],"about":[{"href":"https:\/\/annaoleks24.thkit.ee\/wp\/wp-json\/wp\/v2\/types\/page"}],"author":[{"embeddable":true,"href":"https:\/\/annaoleks24.thkit.ee\/wp\/wp-json\/wp\/v2\/users\/1"}],"replies":[{"embeddable":true,"href":"https:\/\/annaoleks24.thkit.ee\/wp\/wp-json\/wp\/v2\/comments?post=163"}],"version-history":[{"count":7,"href":"https:\/\/annaoleks24.thkit.ee\/wp\/wp-json\/wp\/v2\/pages\/163\/revisions"}],"predecessor-version":[{"id":1369,"href":"https:\/\/annaoleks24.thkit.ee\/wp\/wp-json\/wp\/v2\/pages\/163\/revisions\/1369"}],"wp:attachment":[{"href":"https:\/\/annaoleks24.thkit.ee\/wp\/wp-json\/wp\/v2\/media?parent=163"}],"curies":[{"name":"wp","href":"https:\/\/api.w.org\/{rel}","templated":true}]}}