{"id":228,"date":"2024-10-09T14:25:01","date_gmt":"2024-10-09T11:25:01","guid":{"rendered":"https:\/\/annaoleks.wordpress.com\/?page_id=228"},"modified":"2025-03-14T20:34:08","modified_gmt":"2025-03-14T20:34:08","slug":"ms-project","status":"publish","type":"page","link":"https:\/\/annaoleks24.thkit.ee\/wp\/ms-project\/","title":{"rendered":"MS Project"},"content":{"rendered":"\n<div style=\"height:50px\" aria-hidden=\"true\" class=\"wp-block-spacer\"><\/div>\n\n\n\n<h3 class=\"wp-block-heading\">Mis on MS Project?<\/h3>\n\n\n\n<p>MS Project on v\u00f5imas ja laialdaselt kasutatav projektijuhtimise tarkvara, mille on v\u00e4lja t\u00f6\u00f6tanud Microsoft. See on loodud selleks, et aidata projektijuhtidel ja meeskondadel t\u00f5husalt planeerida, j\u00e4lgida ning hallata erineva suuruse ja keerukusega projekte. Tarkvara v\u00f5imaldab visualiseerida projekti ajakava, hallata ressursse, j\u00e4lgida eelarvet ning hinnata t\u00f6\u00f6koormust, aidates seel\u00e4bi tagada, et k\u00f5ik \u00fclesanded t\u00e4idetakse \u00f5igeaegselt ja etten\u00e4htud mahus.<\/p>\n\n\n\n<p>\u00dcks MS Projecti suurimaid eeliseid on selle intuitiivne ja kasutajas\u00f5bralik liides, mis v\u00f5imaldab luua ja hallata projekte h\u00f5lpsalt ning struktureeritult. Programm kasutab Gantti diagramme, mis aitavad kasutajatel selgelt n\u00e4ha projekti ajakava, \u00fclesannete omavahelisi s\u00f5ltuvusi ning ressursside jaotust. Lisaks toetab MS Project kriitilise tee meetodit, mis aitab tuvastada v\u00f5tmet\u00e4htsusega \u00fclesandeid, millel on otsene m\u00f5ju kogu projekti valmimise ajale.<\/p>\n\n\n\n<p>MS Projecti teine oluline omadus on selle v\u00f5ime hallata ressursse ja eelarvet. Tarkvara v\u00f5imaldab m\u00e4\u00e4rata \u00fclesannetele konkreetseid ressursse, nagu t\u00f6\u00f6tajad, seadmed v\u00f5i materjalid, ning j\u00e4lgida nende kasutamist kogu projekti v\u00e4ltel. Samuti saab m\u00e4\u00e4rata eelarve ja j\u00e4lgida tegelikke kulutusi, et v\u00e4ltida \u00fclekulusid ja optimeerida projekti rahavoogusid.<\/p>\n\n\n\n<p>Programm on laialdaselt kasutusel erinevates t\u00f6\u00f6stusharudes, sealhulgas ehituses, IT-s, tootmises ja avalikus sektoris. Seda kasutavad nii v\u00e4ikesed ettev\u00f5tted kui ka suured rahvusvahelised organisatsioonid, kuna see pakub v\u00f5imalusi nii \u00fcksikute projektide haldamiseks kui ka mitme samaaegse projekti koordineerimiseks suuremates programmides ja portfellides.<\/p>\n\n\n\n<p>Lisaks pakub MS Project mitmeid automatiseerimisv\u00f5imalusi, mis aitavad v\u00e4hendada k\u00e4sitsi tehtava t\u00f6\u00f6 hulka ja suurendada t\u00f6\u00f6protsesside efektiivsust. N\u00e4iteks saab tarkvara seadistada nii, et see automaatselt v\u00e4rskendaks projekti ajakava ja ressursijaotust vastavalt muudatustele, mis v\u00f5imaldab projektijuhtidel kiiremini reageerida ootamatutele muudatustele ja riskidele.<\/p>\n\n\n\n<p>\u00dcks MS Projecti suurimaid tugevusi on selle integreeritavus teiste Microsofti toodetega, nagu Excel, SharePoint, Teams ja Power BI. See v\u00f5imaldab kasutajatel sujuvalt jagada andmeid ja aruandeid, parandades meeskonnat\u00f6\u00f6d ja projektide l\u00e4bipaistvust. Teamsi integreerimine muudab suhtluse lihtsamaks, samal ajal kui Power BI abil saab luua visuaalseid aruandeid ja anal\u00fc\u00fcsida projekti edenemist detailsemalt.<\/p>\n\n\n\n<p>Kokkuv\u00f5ttes on Microsoft Project \u00fcks k\u00f5ige v\u00f5imsamaid ja mitmek\u00fclgsemaid t\u00f6\u00f6riistu professionaalseks projektijuhtimiseks. Selle abil saavad organisatsioonid t\u00f5hustada oma t\u00f6\u00f6vooge, parandada ajaplaneerimist, optimeerida ressursikasutust ja tagada, et k\u00f5ik projektid viiakse ellu v\u00f5imalikult t\u00f5husalt ning \u00f5igeaegselt.<\/p>\n\n\n\n<div style=\"height:50px\" aria-hidden=\"true\" class=\"wp-block-spacer\"><\/div>\n\n\n\n<h3 class=\"wp-block-heading\">N\u00e4ide<\/h3>\n\n\n\n<p>\u2714 Gantt\u00b4i diagramm &#8211; ajakava, mis n\u00e4itab \u00fclesannete t\u00e4itmise etappe<\/p>\n\n\n<div class=\"wp-block-image\">\n<figure class=\"alignleft size-large is-resized\"><img decoding=\"async\" src=\"https:\/\/annaoleks.wordpress.com\/wp-content\/uploads\/2024\/10\/screenshot-2024-10-09-141308.png?w=433\" alt=\"MS Project Gant diagramm\" class=\"wp-image-231\" style=\"width:513px;height:auto\"\/><\/figure>\n<\/div>\n\n\n<div style=\"height:50px\" aria-hidden=\"true\" class=\"wp-block-spacer\"><\/div>\n\n\n\n<p>\u2714 \u00dclesanded ja alam\u00fclesanded<\/p>\n\n\n<div class=\"wp-block-image\">\n<figure class=\"alignleft size-large\"><img decoding=\"async\" src=\"https:\/\/annaoleks.wordpress.com\/wp-content\/uploads\/2024\/10\/screenshot-2024-10-09-141621.png?w=1024\" alt=\"MS Project \u00dclesanded ja alam\u00fclesanded\" class=\"wp-image-233\"\/><\/figure>\n<\/div>\n\n\n<div style=\"height:50px\" aria-hidden=\"true\" class=\"wp-block-spacer\"><\/div>\n\n\n\n<p>\u2714 Kuidas lisada ressurssid<\/p>\n\n\n<div class=\"wp-block-image\">\n<figure class=\"alignleft size-large is-resized\"><img decoding=\"async\" src=\"https:\/\/annaoleks.wordpress.com\/wp-content\/uploads\/2024\/10\/screenshot-2024-10-09-141850-1.png?w=353\" alt=\"\" class=\"wp-image-236\" style=\"width:362px;height:auto\"\/><\/figure>\n<\/div>\n\n<div class=\"wp-block-image\">\n<figure class=\"alignleft size-large\"><img decoding=\"async\" src=\"https:\/\/annaoleks.wordpress.com\/wp-content\/uploads\/2024\/10\/screenshot-2024-10-09-142030.png?w=1024\" alt=\"\" class=\"wp-image-238\"\/><\/figure>\n<\/div>\n\n\n<div style=\"height:50px\" aria-hidden=\"true\" class=\"wp-block-spacer\"><\/div>\n\n\n\n<p>\u2714 Kuidas lisada projekti \u00fclesannete maksumus ja projekti tehtud tegevus<\/p>\n\n\n\n<figure class=\"wp-block-image size-large\"><img decoding=\"async\" src=\"https:\/\/annaoleks.wordpress.com\/wp-content\/uploads\/2024\/10\/screenshot-2024-10-09-142328.png?w=173\" alt=\"\" class=\"wp-image-239\"\/><\/figure>\n\n\n\n<figure class=\"wp-block-image size-large\"><img decoding=\"async\" src=\"https:\/\/annaoleks.wordpress.com\/wp-content\/uploads\/2024\/10\/screenshot-2024-10-09-142409.png?w=332\" alt=\"\" class=\"wp-image-241\"\/><\/figure>\n\n\n\n<div style=\"height:22px\" aria-hidden=\"true\" class=\"wp-block-spacer\"><\/div>\n\n\n\n<div data-wp-interactive=\"core\/file\" class=\"wp-block-file\"><object data-wp-bind--hidden=\"!state.hasPdfPreview\" hidden class=\"wp-block-file__embed\" data=\"https:\/\/annaoleks.wordpress.com\/wp-content\/uploads\/2024\/10\/sunnipaeva-projekti-aruanne-anna-oleks.pdf\" type=\"application\/pdf\" style=\"width:100%;height:600px\" aria-label=\"Lisa S\u00fcnnip\u00e4eva projekti aruanne - Anna Oleks.\"><\/object><a id=\"wp-block-file--media-2b56639a-3e5b-4413-af7f-0863b75bfe94\" href=\"https:\/\/annaoleks.wordpress.com\/wp-content\/uploads\/2024\/10\/sunnipaeva-projekti-aruanne-anna-oleks.pdf\">S\u00fcnnip\u00e4eva projekti aruanne &#8211; Anna Oleks<\/a><a href=\"https:\/\/annaoleks.wordpress.com\/wp-content\/uploads\/2024\/10\/sunnipaeva-projekti-aruanne-anna-oleks.pdf\" class=\"wp-block-file__button wp-element-button\" download aria-describedby=\"wp-block-file--media-2b56639a-3e5b-4413-af7f-0863b75bfe94\">\u0421\u043a\u0430\u0447\u0430\u0442\u044c<\/a><\/div>\n","protected":false},"excerpt":{"rendered":"<p>Mis on MS Project? MS Project on v\u00f5imas ja laialdaselt kasutatav projektijuhtimise tarkvara, mille on v\u00e4lja t\u00f6\u00f6tanud Microsoft. See on loodud selleks, et aidata projektijuhtidel ja meeskondadel t\u00f5husalt planeerida, j\u00e4lgida ning hallata erineva suuruse ja keerukusega projekte. Tarkvara v\u00f5imaldab visualiseerida projekti ajakava, hallata ressursse, j\u00e4lgida eelarvet ning hinnata t\u00f6\u00f6koormust, aidates seel\u00e4bi tagada, et k\u00f5ik \u00fclesanded [&hellip;]<\/p>\n","protected":false},"author":1,"featured_media":0,"parent":0,"menu_order":0,"comment_status":"closed","ping_status":"closed","template":"","meta":{"footnotes":""},"class_list":["post-228","page","type-page","status-publish","hentry"],"yoast_head":"<!-- This site is optimized with the Yoast SEO plugin v26.4 - https:\/\/yoast.com\/wordpress\/plugins\/seo\/ -->\n<title>MS Project - Anna Oleks &Otilde;PIMAPP<\/title>\n<meta name=\"description\" content=\"MS Project \u2013 v\u00f5imas tarkvara projektide planeerimiseks ja haldamiseks, pakkudes Gantti diagramme, ressursside ja t\u00e4htaegade kontrolli.\" \/>\n<meta name=\"robots\" content=\"index, follow, max-snippet:-1, max-image-preview:large, max-video-preview:-1\" \/>\n<link rel=\"canonical\" href=\"https:\/\/annaoleks24.thkit.ee\/wp\/ms-project\/\" \/>\n<meta property=\"og:locale\" content=\"et_EE\" \/>\n<meta property=\"og:type\" content=\"article\" \/>\n<meta property=\"og:title\" content=\"MS Project - Anna Oleks &Otilde;PIMAPP\" \/>\n<meta property=\"og:description\" content=\"MS Project \u2013 v\u00f5imas tarkvara projektide planeerimiseks ja haldamiseks, pakkudes Gantti diagramme, ressursside ja t\u00e4htaegade kontrolli.\" \/>\n<meta property=\"og:url\" content=\"https:\/\/annaoleks24.thkit.ee\/wp\/ms-project\/\" \/>\n<meta property=\"og:site_name\" content=\"Anna Oleks &Otilde;PIMAPP\" \/>\n<meta property=\"article:modified_time\" content=\"2025-03-14T20:34:08+00:00\" \/>\n<meta name=\"twitter:card\" content=\"summary_large_image\" \/>\n<meta name=\"twitter:label1\" content=\"Est. reading time\" \/>\n\t<meta name=\"twitter:data1\" content=\"4 minutit\" \/>\n<script type=\"application\/ld+json\" class=\"yoast-schema-graph\">{\"@context\":\"https:\/\/schema.org\",\"@graph\":[{\"@type\":\"WebPage\",\"@id\":\"https:\/\/annaoleks24.thkit.ee\/wp\/ms-project\/\",\"url\":\"https:\/\/annaoleks24.thkit.ee\/wp\/ms-project\/\",\"name\":\"MS Project - Anna Oleks &Otilde;PIMAPP\",\"isPartOf\":{\"@id\":\"https:\/\/annaoleks24.thkit.ee\/wp\/#website\"},\"primaryImageOfPage\":{\"@id\":\"https:\/\/annaoleks24.thkit.ee\/wp\/ms-project\/#primaryimage\"},\"image\":{\"@id\":\"https:\/\/annaoleks24.thkit.ee\/wp\/ms-project\/#primaryimage\"},\"thumbnailUrl\":\"https:\/\/annaoleks.wordpress.com\/wp-content\/uploads\/2024\/10\/screenshot-2024-10-09-141308.png?w=433\",\"datePublished\":\"2024-10-09T11:25:01+00:00\",\"dateModified\":\"2025-03-14T20:34:08+00:00\",\"description\":\"MS Project \u2013 v\u00f5imas tarkvara projektide planeerimiseks ja haldamiseks, pakkudes Gantti diagramme, ressursside ja t\u00e4htaegade kontrolli.\",\"breadcrumb\":{\"@id\":\"https:\/\/annaoleks24.thkit.ee\/wp\/ms-project\/#breadcrumb\"},\"inLanguage\":\"et\",\"potentialAction\":[{\"@type\":\"ReadAction\",\"target\":[\"https:\/\/annaoleks24.thkit.ee\/wp\/ms-project\/\"]}]},{\"@type\":\"ImageObject\",\"inLanguage\":\"et\",\"@id\":\"https:\/\/annaoleks24.thkit.ee\/wp\/ms-project\/#primaryimage\",\"url\":\"https:\/\/annaoleks.wordpress.com\/wp-content\/uploads\/2024\/10\/screenshot-2024-10-09-141308.png?w=433\",\"contentUrl\":\"https:\/\/annaoleks.wordpress.com\/wp-content\/uploads\/2024\/10\/screenshot-2024-10-09-141308.png?w=433\"},{\"@type\":\"BreadcrumbList\",\"@id\":\"https:\/\/annaoleks24.thkit.ee\/wp\/ms-project\/#breadcrumb\",\"itemListElement\":[{\"@type\":\"ListItem\",\"position\":1,\"name\":\"\u0413\u043b\u0430\u0432\u043d\u0430\u044f \u0441\u0442\u0440\u0430\u043d\u0438\u0446\u0430\",\"item\":\"https:\/\/annaoleks24.thkit.ee\/wp\/\"},{\"@type\":\"ListItem\",\"position\":2,\"name\":\"MS Project\"}]},{\"@type\":\"WebSite\",\"@id\":\"https:\/\/annaoleks24.thkit.ee\/wp\/#website\",\"url\":\"https:\/\/annaoleks24.thkit.ee\/wp\/\",\"name\":\"Anna Oleks &Otilde;PIMAPP\",\"description\":\"Portfolio\",\"potentialAction\":[{\"@type\":\"SearchAction\",\"target\":{\"@type\":\"EntryPoint\",\"urlTemplate\":\"https:\/\/annaoleks24.thkit.ee\/wp\/?s={search_term_string}\"},\"query-input\":{\"@type\":\"PropertyValueSpecification\",\"valueRequired\":true,\"valueName\":\"search_term_string\"}}],\"inLanguage\":\"et\"}]}<\/script>\n<!-- \/ Yoast SEO plugin. -->","yoast_head_json":{"title":"MS Project - Anna Oleks &Otilde;PIMAPP","description":"MS Project \u2013 v\u00f5imas tarkvara projektide planeerimiseks ja haldamiseks, pakkudes Gantti diagramme, ressursside ja t\u00e4htaegade kontrolli.","robots":{"index":"index","follow":"follow","max-snippet":"max-snippet:-1","max-image-preview":"max-image-preview:large","max-video-preview":"max-video-preview:-1"},"canonical":"https:\/\/annaoleks24.thkit.ee\/wp\/ms-project\/","og_locale":"et_EE","og_type":"article","og_title":"MS Project - Anna Oleks &Otilde;PIMAPP","og_description":"MS Project \u2013 v\u00f5imas tarkvara projektide planeerimiseks ja haldamiseks, pakkudes Gantti diagramme, ressursside ja t\u00e4htaegade kontrolli.","og_url":"https:\/\/annaoleks24.thkit.ee\/wp\/ms-project\/","og_site_name":"Anna Oleks &Otilde;PIMAPP","article_modified_time":"2025-03-14T20:34:08+00:00","twitter_card":"summary_large_image","twitter_misc":{"Est. reading time":"4 minutit"},"schema":{"@context":"https:\/\/schema.org","@graph":[{"@type":"WebPage","@id":"https:\/\/annaoleks24.thkit.ee\/wp\/ms-project\/","url":"https:\/\/annaoleks24.thkit.ee\/wp\/ms-project\/","name":"MS Project - Anna Oleks &Otilde;PIMAPP","isPartOf":{"@id":"https:\/\/annaoleks24.thkit.ee\/wp\/#website"},"primaryImageOfPage":{"@id":"https:\/\/annaoleks24.thkit.ee\/wp\/ms-project\/#primaryimage"},"image":{"@id":"https:\/\/annaoleks24.thkit.ee\/wp\/ms-project\/#primaryimage"},"thumbnailUrl":"https:\/\/annaoleks.wordpress.com\/wp-content\/uploads\/2024\/10\/screenshot-2024-10-09-141308.png?w=433","datePublished":"2024-10-09T11:25:01+00:00","dateModified":"2025-03-14T20:34:08+00:00","description":"MS Project \u2013 v\u00f5imas tarkvara projektide planeerimiseks ja haldamiseks, pakkudes Gantti diagramme, ressursside ja t\u00e4htaegade kontrolli.","breadcrumb":{"@id":"https:\/\/annaoleks24.thkit.ee\/wp\/ms-project\/#breadcrumb"},"inLanguage":"et","potentialAction":[{"@type":"ReadAction","target":["https:\/\/annaoleks24.thkit.ee\/wp\/ms-project\/"]}]},{"@type":"ImageObject","inLanguage":"et","@id":"https:\/\/annaoleks24.thkit.ee\/wp\/ms-project\/#primaryimage","url":"https:\/\/annaoleks.wordpress.com\/wp-content\/uploads\/2024\/10\/screenshot-2024-10-09-141308.png?w=433","contentUrl":"https:\/\/annaoleks.wordpress.com\/wp-content\/uploads\/2024\/10\/screenshot-2024-10-09-141308.png?w=433"},{"@type":"BreadcrumbList","@id":"https:\/\/annaoleks24.thkit.ee\/wp\/ms-project\/#breadcrumb","itemListElement":[{"@type":"ListItem","position":1,"name":"\u0413\u043b\u0430\u0432\u043d\u0430\u044f \u0441\u0442\u0440\u0430\u043d\u0438\u0446\u0430","item":"https:\/\/annaoleks24.thkit.ee\/wp\/"},{"@type":"ListItem","position":2,"name":"MS Project"}]},{"@type":"WebSite","@id":"https:\/\/annaoleks24.thkit.ee\/wp\/#website","url":"https:\/\/annaoleks24.thkit.ee\/wp\/","name":"Anna Oleks &Otilde;PIMAPP","description":"Portfolio","potentialAction":[{"@type":"SearchAction","target":{"@type":"EntryPoint","urlTemplate":"https:\/\/annaoleks24.thkit.ee\/wp\/?s={search_term_string}"},"query-input":{"@type":"PropertyValueSpecification","valueRequired":true,"valueName":"search_term_string"}}],"inLanguage":"et"}]}},"_links":{"self":[{"href":"https:\/\/annaoleks24.thkit.ee\/wp\/wp-json\/wp\/v2\/pages\/228","targetHints":{"allow":["GET"]}}],"collection":[{"href":"https:\/\/annaoleks24.thkit.ee\/wp\/wp-json\/wp\/v2\/pages"}],"about":[{"href":"https:\/\/annaoleks24.thkit.ee\/wp\/wp-json\/wp\/v2\/types\/page"}],"author":[{"embeddable":true,"href":"https:\/\/annaoleks24.thkit.ee\/wp\/wp-json\/wp\/v2\/users\/1"}],"replies":[{"embeddable":true,"href":"https:\/\/annaoleks24.thkit.ee\/wp\/wp-json\/wp\/v2\/comments?post=228"}],"version-history":[{"count":3,"href":"https:\/\/annaoleks24.thkit.ee\/wp\/wp-json\/wp\/v2\/pages\/228\/revisions"}],"predecessor-version":[{"id":1417,"href":"https:\/\/annaoleks24.thkit.ee\/wp\/wp-json\/wp\/v2\/pages\/228\/revisions\/1417"}],"wp:attachment":[{"href":"https:\/\/annaoleks24.thkit.ee\/wp\/wp-json\/wp\/v2\/media?parent=228"}],"curies":[{"name":"wp","href":"https:\/\/api.w.org\/{rel}","templated":true}]}}