{"id":595,"date":"2024-11-13T09:32:51","date_gmt":"2024-11-13T09:32:51","guid":{"rendered":"https:\/\/annaoleks24.thkit.ee\/wp\/?page_id=595"},"modified":"2025-03-14T16:52:02","modified_gmt":"2025-03-14T16:52:02","slug":"case-vahendid","status":"publish","type":"page","link":"https:\/\/annaoleks24.thkit.ee\/wp\/case-vahendid\/","title":{"rendered":"CASE-vahendid"},"content":{"rendered":"\n<div style=\"height:50px\" aria-hidden=\"true\" class=\"wp-block-spacer\"><\/div>\n\n\n\n<h3 class=\"wp-block-heading\">CASE-vahendid on programmid, mis toetavad tarkvara arendus- ja haldusprotsessi, aidates arendajatel ja anal\u00fc\u00fctikutel s\u00fcsteemide loomist paremini hallata ja t\u00f5hustada. <\/h3>\n\n\n\n<p>Need v\u00f5imaldavad rakendada nii erinevaid t\u00f6\u00f6vahendeid kui ka metoodikaid, mis on vajalikud kvaliteetsete infos\u00fcsteemide arendamiseks. T\u00e4nap\u00e4eval on tarkvaraarendus muutunud j\u00e4rjest keerukamaks, mist\u00f5ttu on olulise t\u00e4htsusega t\u00f6\u00f6riistad, mis aitavad arendusprotsessi korrastada, kiirendada ning parandada l\u00f5pptoote kvaliteeti.<\/p>\n\n\n\n<p>S\u00f5ltuvalt kasutusvaldkonnast v\u00f5ib neid t\u00f6\u00f6riistu klassifitseerida mitmel erineval viisil. \u00dcks levinumaid jaotusi p\u00f5hineb s\u00fcsteemiarenduse eluts\u00fcklil, mille alusel jagunevad need vahendid kahte p\u00f5hilisse kategooriasse:<\/p>\n\n\n\n<p><strong>\u00dclemise taseme vahendid (upper CASE tools)<\/strong> toetavad s\u00fcsteemi anal\u00fc\u00fcsi ja projekteerimist. Need aitavad peamiselt kasutajan\u00f5uete anal\u00fc\u00fcsimisel, dokumenteerimisel ning s\u00fcsteemi arhitektuuri m\u00e4\u00e4ratlemisel. \u00dcheks peamiseks funktsiooniks on erinevate skeemide koostamine ja nende visuaalne esitamine, mis v\u00f5imaldab s\u00fcsteemi struktuuri paremini m\u00f5ista ja selgelt kirjeldada. Sageli toetavad need traditsioonilisi diagrammikeeli, nagu n\u00e4iteks olem-seos diagrammid, andmemudelid ja UML-skeemid, mis on laialdaselt kasutusel tarkvaraarenduses. Kasutades selliseid modelleerimisvahendeid, on v\u00f5imalik luua struktureeritud ja h\u00e4sti dokumenteeritud tarkvaras\u00fcsteeme, mis aitavad ennetada vigu juba varajases arendusfaasis.<\/p>\n\n\n\n<p><strong>Alumise taseme vahendid (lower CASE tools)<\/strong> keskenduvad tarkvara praktilisele teostusele, kus erinevatest mudelitest ja skeemidest saab tegelik tarkvaratoode. Need t\u00f6\u00f6riistad toetavad andmebaasi struktuuri ja koodi genereerimist, testide l\u00e4biviimist, koodi versioonihaldust, konfiguratsioonihaldust ning p\u00f6\u00f6rdprojekteerimist. Samuti on need olulised vigade leidmiseks ja parandamiseks, sest aitavad testida tarkvara eri etappidel ning tagada selle kvaliteedi. Paljud alumise taseme vahendid pakuvad ka automatiseeritud lahendusi, mis aitavad arendajatel v\u00e4hendada k\u00e4sitsi tehtavat t\u00f6\u00f6d ning suurendada arendusprotsessi efektiivsust.<\/p>\n\n\n\n<p>T\u00e4nap\u00e4eva tarkvaraarenduses on \u00fcha olulisem, et erinevad t\u00f6\u00f6riistad oleksid omavahel integreeritud. Erinevatel s\u00fcsteemiarenduse etappidel loodud dokumentatsioon, mudelid, kood, testid ja muud elemendid peavad olema omavahel seotud, et tagada sujuv ja loogiline arendusprotsess. Seet\u00f5ttu on kaasaegsed t\u00f6\u00f6riistad sageli \u00fcles ehitatud selliselt, et need sisaldavad nii \u00fclemise kui ka alumise taseme funktsionaalsusi. See v\u00f5imaldab arendusmeeskondadel t\u00f6\u00f6tada \u00fchtse platvormi raames, kus k\u00f5ik vajalikud vahendid on \u00fches kohas ja omavahel seotud.<\/p>\n\n\n\n<p>Kokkuv\u00f5ttes on need t\u00f6\u00f6riistad h\u00e4davajalikud kvaliteetse ja h\u00e4sti struktureeritud tarkvara arendamiseks. Need aitavad automatiseerida mitmeid arendusprotsessi etappe, v\u00e4hendavad vigade tekkimise riski ning lihtsustavad arendajate ja anal\u00fc\u00fctikute koost\u00f6\u00f6d. Kuna tarkvaraarendus muutub \u00fcha keerukamaks ja n\u00f5udlikumaks, kasvab ka vajadus selliste vahendite j\u00e4rele, mis v\u00f5imaldavad protsessi paremini hallata ja optimeerida.<\/p>\n\n\n\n<div style=\"height:50px\" aria-hidden=\"true\" class=\"wp-block-spacer\"><\/div>\n\n\n\n<div class=\"padlet-slideshow-embed\" style=\"width:720px;height:480px;\"><p style=\"padding:0;margin:0;width:100%;height:100%\"><iframe src=\"https:\/\/padlet.com\/embed\/neo7s9hxyevy\/slideshow?autoplay=0&#038;loop=0&#038;duration=auto\" frameborder=\"0\" allow=\"clipboard-write\" style=\"width:100%;height:100%;display:block;padding:0;margin:0\"><\/iframe><\/p><\/div>\n\n\n\n<div style=\"height:50px\" aria-hidden=\"true\" class=\"wp-block-spacer\"><\/div>\n\n\n\n<h3 class=\"wp-block-heading\">Kontrollk\u00fcsimused<\/h3>\n\n\n<div class = \"hdq_quiz_wrapper\"><a href = \"https:\/\/annaoleks24.thkit.ee\/wp\/case-vahendid\/\" rel=\"noamphtml\" class = \"hdq_quiz_start hdq_button button\" role = \"button\">Alusta<\/a><\/div>\n\n\n\n<p><\/p>\n","protected":false},"excerpt":{"rendered":"<p>CASE-vahendid on programmid, mis toetavad tarkvara arendus- ja haldusprotsessi, aidates arendajatel ja anal\u00fc\u00fctikutel s\u00fcsteemide loomist paremini hallata ja t\u00f5hustada. Need v\u00f5imaldavad rakendada nii erinevaid t\u00f6\u00f6vahendeid kui ka metoodikaid, mis on vajalikud kvaliteetsete infos\u00fcsteemide arendamiseks. T\u00e4nap\u00e4eval on tarkvaraarendus muutunud j\u00e4rjest keerukamaks, mist\u00f5ttu on olulise t\u00e4htsusega t\u00f6\u00f6riistad, mis aitavad arendusprotsessi korrastada, kiirendada ning parandada l\u00f5pptoote kvaliteeti. S\u00f5ltuvalt [&hellip;]<\/p>\n","protected":false},"author":1,"featured_media":0,"parent":0,"menu_order":0,"comment_status":"closed","ping_status":"closed","template":"","meta":{"footnotes":""},"class_list":["post-595","page","type-page","status-publish","hentry"],"yoast_head":"<!-- This site is optimized with the Yoast SEO plugin v26.4 - https:\/\/yoast.com\/wordpress\/plugins\/seo\/ -->\n<title>CASE-vahendid - Anna Oleks &Otilde;PIMAPP<\/title>\n<meta name=\"description\" content=\"CASE-vahendid toetavad tarkvaraarendust, aidates anal\u00fc\u00fcsis, projekteerimises, koodi genereerimises ja testimises, parandades kvaliteeti.\" \/>\n<meta name=\"robots\" content=\"index, follow, max-snippet:-1, max-image-preview:large, max-video-preview:-1\" \/>\n<link rel=\"canonical\" href=\"https:\/\/annaoleks24.thkit.ee\/wp\/case-vahendid\/\" \/>\n<meta property=\"og:locale\" content=\"et_EE\" \/>\n<meta property=\"og:type\" content=\"article\" \/>\n<meta property=\"og:title\" content=\"CASE-vahendid - Anna Oleks &Otilde;PIMAPP\" \/>\n<meta property=\"og:description\" content=\"CASE-vahendid toetavad tarkvaraarendust, aidates anal\u00fc\u00fcsis, projekteerimises, koodi genereerimises ja testimises, parandades kvaliteeti.\" \/>\n<meta property=\"og:url\" content=\"https:\/\/annaoleks24.thkit.ee\/wp\/case-vahendid\/\" \/>\n<meta property=\"og:site_name\" content=\"Anna Oleks &Otilde;PIMAPP\" \/>\n<meta property=\"article:modified_time\" content=\"2025-03-14T16:52:02+00:00\" \/>\n<meta name=\"twitter:card\" content=\"summary_large_image\" \/>\n<meta name=\"twitter:label1\" content=\"Est. reading time\" \/>\n\t<meta name=\"twitter:data1\" content=\"2 minutit\" \/>\n<script type=\"application\/ld+json\" class=\"yoast-schema-graph\">{\"@context\":\"https:\/\/schema.org\",\"@graph\":[{\"@type\":\"WebPage\",\"@id\":\"https:\/\/annaoleks24.thkit.ee\/wp\/case-vahendid\/\",\"url\":\"https:\/\/annaoleks24.thkit.ee\/wp\/case-vahendid\/\",\"name\":\"CASE-vahendid - Anna Oleks &Otilde;PIMAPP\",\"isPartOf\":{\"@id\":\"https:\/\/annaoleks24.thkit.ee\/wp\/#website\"},\"datePublished\":\"2024-11-13T09:32:51+00:00\",\"dateModified\":\"2025-03-14T16:52:02+00:00\",\"description\":\"CASE-vahendid toetavad tarkvaraarendust, aidates anal\u00fc\u00fcsis, projekteerimises, koodi genereerimises ja testimises, parandades kvaliteeti.\",\"breadcrumb\":{\"@id\":\"https:\/\/annaoleks24.thkit.ee\/wp\/case-vahendid\/#breadcrumb\"},\"inLanguage\":\"et\",\"potentialAction\":[{\"@type\":\"ReadAction\",\"target\":[\"https:\/\/annaoleks24.thkit.ee\/wp\/case-vahendid\/\"]}]},{\"@type\":\"BreadcrumbList\",\"@id\":\"https:\/\/annaoleks24.thkit.ee\/wp\/case-vahendid\/#breadcrumb\",\"itemListElement\":[{\"@type\":\"ListItem\",\"position\":1,\"name\":\"\u0413\u043b\u0430\u0432\u043d\u0430\u044f \u0441\u0442\u0440\u0430\u043d\u0438\u0446\u0430\",\"item\":\"https:\/\/annaoleks24.thkit.ee\/wp\/\"},{\"@type\":\"ListItem\",\"position\":2,\"name\":\"CASE-vahendid\"}]},{\"@type\":\"WebSite\",\"@id\":\"https:\/\/annaoleks24.thkit.ee\/wp\/#website\",\"url\":\"https:\/\/annaoleks24.thkit.ee\/wp\/\",\"name\":\"Anna Oleks &Otilde;PIMAPP\",\"description\":\"Portfolio\",\"potentialAction\":[{\"@type\":\"SearchAction\",\"target\":{\"@type\":\"EntryPoint\",\"urlTemplate\":\"https:\/\/annaoleks24.thkit.ee\/wp\/?s={search_term_string}\"},\"query-input\":{\"@type\":\"PropertyValueSpecification\",\"valueRequired\":true,\"valueName\":\"search_term_string\"}}],\"inLanguage\":\"et\"}]}<\/script>\n<!-- \/ Yoast SEO plugin. -->","yoast_head_json":{"title":"CASE-vahendid - Anna Oleks &Otilde;PIMAPP","description":"CASE-vahendid toetavad tarkvaraarendust, aidates anal\u00fc\u00fcsis, projekteerimises, koodi genereerimises ja testimises, parandades kvaliteeti.","robots":{"index":"index","follow":"follow","max-snippet":"max-snippet:-1","max-image-preview":"max-image-preview:large","max-video-preview":"max-video-preview:-1"},"canonical":"https:\/\/annaoleks24.thkit.ee\/wp\/case-vahendid\/","og_locale":"et_EE","og_type":"article","og_title":"CASE-vahendid - Anna Oleks &Otilde;PIMAPP","og_description":"CASE-vahendid toetavad tarkvaraarendust, aidates anal\u00fc\u00fcsis, projekteerimises, koodi genereerimises ja testimises, parandades kvaliteeti.","og_url":"https:\/\/annaoleks24.thkit.ee\/wp\/case-vahendid\/","og_site_name":"Anna Oleks &Otilde;PIMAPP","article_modified_time":"2025-03-14T16:52:02+00:00","twitter_card":"summary_large_image","twitter_misc":{"Est. reading time":"2 minutit"},"schema":{"@context":"https:\/\/schema.org","@graph":[{"@type":"WebPage","@id":"https:\/\/annaoleks24.thkit.ee\/wp\/case-vahendid\/","url":"https:\/\/annaoleks24.thkit.ee\/wp\/case-vahendid\/","name":"CASE-vahendid - Anna Oleks &Otilde;PIMAPP","isPartOf":{"@id":"https:\/\/annaoleks24.thkit.ee\/wp\/#website"},"datePublished":"2024-11-13T09:32:51+00:00","dateModified":"2025-03-14T16:52:02+00:00","description":"CASE-vahendid toetavad tarkvaraarendust, aidates anal\u00fc\u00fcsis, projekteerimises, koodi genereerimises ja testimises, parandades kvaliteeti.","breadcrumb":{"@id":"https:\/\/annaoleks24.thkit.ee\/wp\/case-vahendid\/#breadcrumb"},"inLanguage":"et","potentialAction":[{"@type":"ReadAction","target":["https:\/\/annaoleks24.thkit.ee\/wp\/case-vahendid\/"]}]},{"@type":"BreadcrumbList","@id":"https:\/\/annaoleks24.thkit.ee\/wp\/case-vahendid\/#breadcrumb","itemListElement":[{"@type":"ListItem","position":1,"name":"\u0413\u043b\u0430\u0432\u043d\u0430\u044f \u0441\u0442\u0440\u0430\u043d\u0438\u0446\u0430","item":"https:\/\/annaoleks24.thkit.ee\/wp\/"},{"@type":"ListItem","position":2,"name":"CASE-vahendid"}]},{"@type":"WebSite","@id":"https:\/\/annaoleks24.thkit.ee\/wp\/#website","url":"https:\/\/annaoleks24.thkit.ee\/wp\/","name":"Anna Oleks &Otilde;PIMAPP","description":"Portfolio","potentialAction":[{"@type":"SearchAction","target":{"@type":"EntryPoint","urlTemplate":"https:\/\/annaoleks24.thkit.ee\/wp\/?s={search_term_string}"},"query-input":{"@type":"PropertyValueSpecification","valueRequired":true,"valueName":"search_term_string"}}],"inLanguage":"et"}]}},"_links":{"self":[{"href":"https:\/\/annaoleks24.thkit.ee\/wp\/wp-json\/wp\/v2\/pages\/595","targetHints":{"allow":["GET"]}}],"collection":[{"href":"https:\/\/annaoleks24.thkit.ee\/wp\/wp-json\/wp\/v2\/pages"}],"about":[{"href":"https:\/\/annaoleks24.thkit.ee\/wp\/wp-json\/wp\/v2\/types\/page"}],"author":[{"embeddable":true,"href":"https:\/\/annaoleks24.thkit.ee\/wp\/wp-json\/wp\/v2\/users\/1"}],"replies":[{"embeddable":true,"href":"https:\/\/annaoleks24.thkit.ee\/wp\/wp-json\/wp\/v2\/comments?post=595"}],"version-history":[{"count":8,"href":"https:\/\/annaoleks24.thkit.ee\/wp\/wp-json\/wp\/v2\/pages\/595\/revisions"}],"predecessor-version":[{"id":1370,"href":"https:\/\/annaoleks24.thkit.ee\/wp\/wp-json\/wp\/v2\/pages\/595\/revisions\/1370"}],"wp:attachment":[{"href":"https:\/\/annaoleks24.thkit.ee\/wp\/wp-json\/wp\/v2\/media?parent=595"}],"curies":[{"name":"wp","href":"https:\/\/api.w.org\/{rel}","templated":true}]}}